{"id":768,"date":"2023-10-27T14:15:07","date_gmt":"2023-10-27T14:15:07","guid":{"rendered":"https:\/\/verhuizenbelnico.nl\/terminos-y-condiciones-generales\/"},"modified":"2024-10-16T10:41:58","modified_gmt":"2024-10-16T10:41:58","slug":"terminos-y-condiciones-generales","status":"publish","type":"page","link":"http:\/\/verhuizenbelnico.com\/es\/terminos-y-condiciones-generales\/","title":{"rendered":"T\u00e9rminos y condiciones generales"},"content":{"rendered":"<p>[et_pb_section fb_built=\u00bb1&#8243; _builder_version=\u00bb4.25.0&#8243; _module_preset=\u00bbdefault\u00bb global_colors_info=\u00bb{}\u00bb][et_pb_row _builder_version=\u00bb4.25.0&#8243; _module_preset=\u00bbdefault\u00bb global_colors_info=\u00bb{}\u00bb][et_pb_column type=\u00bb4_4&#8243; _builder_version=\u00bb4.25.0&#8243; _module_preset=\u00bbdefault\u00bb global_colors_info=\u00bb{}\u00bb][et_pb_text _builder_version=\u00bb4.25.0&#8243; _module_preset=\u00bbdefault\u00bb header_text_color=\u00bb#0A0007&#8243; header_text_shadow_style=\u00bbnone\u00bb global_colors_info=\u00bb{}\u00bb]<\/p>\n<h1><b>T\u00e9rminos y condiciones generales<\/b><\/h1>\n<p>[\/et_pb_text][et_pb_text _builder_version=\u00bb4.27.2&#8243; _module_preset=\u00bbdefault\u00bb hover_enabled=\u00bb0&#8243; sticky_enabled=\u00bb0&#8243;]<\/p>\n<p>Consulta <a href=\"\/wp-content\/uploads\/2024\/10\/Condiciones-generales.pdf\">aqu\u00ed los t\u00e9rminos y condiciones generales.<\/a><\/p>\n<p>[\/et_pb_text][\/et_pb_column][\/et_pb_row][\/et_pb_section]<\/p>\n","protected":false},"excerpt":{"rendered":"<p>T\u00e9rminos y condiciones generalesConsulta aqu\u00ed los t\u00e9rminos y condiciones generales.<\/p>\n","protected":false},"author":1,"featured_media":0,"parent":0,"menu_order":0,"comment_status":"closed","ping_status":"closed","template":"","meta":{"_et_pb_use_builder":"on","_et_pb_old_content":"","_et_gb_content_width":"","_joinchat":[],"footnotes":""},"class_list":["post-768","page","type-page","status-publish","hentry"],"yoast_head":"<!-- This site is optimized with the Yoast SEO plugin v24.4 - https:\/\/yoast.com\/wordpress\/plugins\/seo\/ -->\n<title>T\u00e9rminos y condiciones generales - Verhuizen Bel Nico<\/title>\n<meta name=\"robots\" content=\"index, follow, max-snippet:-1, max-image-preview:large, max-video-preview:-1\" \/>\n<link rel=\"canonical\" href=\"http:\/\/verhuizenbelnico.com\/es\/terminos-y-condiciones-generales\/\" \/>\n<meta property=\"og:locale\" content=\"es_ES\" \/>\n<meta property=\"og:type\" content=\"article\" \/>\n<meta property=\"og:title\" content=\"T\u00e9rminos y condiciones generales - Verhuizen Bel Nico\" \/>\n<meta property=\"og:description\" content=\"T\u00e9rminos y condiciones generalesConsulta aqu\u00ed los t\u00e9rminos y condiciones generales.\" \/>\n<meta property=\"og:url\" content=\"http:\/\/verhuizenbelnico.com\/es\/terminos-y-condiciones-generales\/\" \/>\n<meta property=\"og:site_name\" content=\"Verhuizen Bel Nico\" \/>\n<meta property=\"article:publisher\" content=\"https:\/\/www.facebook.com\/verhuizenbelnico\" \/>\n<meta property=\"article:modified_time\" content=\"2024-10-16T10:41:58+00:00\" \/>\n<meta name=\"twitter:card\" content=\"summary_large_image\" \/>\n<script type=\"application\/ld+json\" class=\"yoast-schema-graph\">{\"@context\":\"https:\/\/schema.org\",\"@graph\":[{\"@type\":\"WebPage\",\"@id\":\"http:\/\/verhuizenbelnico.com\/es\/terminos-y-condiciones-generales\/\",\"url\":\"http:\/\/verhuizenbelnico.com\/es\/terminos-y-condiciones-generales\/\",\"name\":\"T\u00e9rminos y condiciones generales - Verhuizen Bel Nico\",\"isPartOf\":{\"@id\":\"http:\/\/verhuizenbelnico.com\/es\/#website\"},\"datePublished\":\"2023-10-27T14:15:07+00:00\",\"dateModified\":\"2024-10-16T10:41:58+00:00\",\"breadcrumb\":{\"@id\":\"http:\/\/verhuizenbelnico.com\/es\/terminos-y-condiciones-generales\/#breadcrumb\"},\"inLanguage\":\"es\",\"potentialAction\":[{\"@type\":\"ReadAction\",\"target\":[\"http:\/\/verhuizenbelnico.com\/es\/terminos-y-condiciones-generales\/\"]}]},{\"@type\":\"BreadcrumbList\",\"@id\":\"http:\/\/verhuizenbelnico.com\/es\/terminos-y-condiciones-generales\/#breadcrumb\",\"itemListElement\":[{\"@type\":\"ListItem\",\"position\":1,\"name\":\"Portada\",\"item\":\"http:\/\/verhuizenbelnico.com\/es\/\"},{\"@type\":\"ListItem\",\"position\":2,\"name\":\"T\u00e9rminos y condiciones generales\"}]},{\"@type\":\"WebSite\",\"@id\":\"http:\/\/verhuizenbelnico.com\/es\/#website\",\"url\":\"http:\/\/verhuizenbelnico.com\/es\/\",\"name\":\"Verhuizen Bel Nico\",\"description\":\"verhuizingen van en naar Spanje\",\"potentialAction\":[{\"@type\":\"SearchAction\",\"target\":{\"@type\":\"EntryPoint\",\"urlTemplate\":\"http:\/\/verhuizenbelnico.com\/es\/?s={search_term_string}\"},\"query-input\":{\"@type\":\"PropertyValueSpecification\",\"valueRequired\":true,\"valueName\":\"search_term_string\"}}],\"inLanguage\":\"es\"}]}<\/script>\n<!-- \/ Yoast SEO plugin. -->","yoast_head_json":{"title":"T\u00e9rminos y condiciones generales - Verhuizen Bel Nico","robots":{"index":"index","follow":"follow","max-snippet":"max-snippet:-1","max-image-preview":"max-image-preview:large","max-video-preview":"max-video-preview:-1"},"canonical":"http:\/\/verhuizenbelnico.com\/es\/terminos-y-condiciones-generales\/","og_locale":"es_ES","og_type":"article","og_title":"T\u00e9rminos y condiciones generales - Verhuizen Bel Nico","og_description":"T\u00e9rminos y condiciones generalesConsulta aqu\u00ed los t\u00e9rminos y condiciones generales.","og_url":"http:\/\/verhuizenbelnico.com\/es\/terminos-y-condiciones-generales\/","og_site_name":"Verhuizen Bel Nico","article_publisher":"https:\/\/www.facebook.com\/verhuizenbelnico","article_modified_time":"2024-10-16T10:41:58+00:00","twitter_card":"summary_large_image","schema":{"@context":"https:\/\/schema.org","@graph":[{"@type":"WebPage","@id":"http:\/\/verhuizenbelnico.com\/es\/terminos-y-condiciones-generales\/","url":"http:\/\/verhuizenbelnico.com\/es\/terminos-y-condiciones-generales\/","name":"T\u00e9rminos y condiciones generales - Verhuizen Bel Nico","isPartOf":{"@id":"http:\/\/verhuizenbelnico.com\/es\/#website"},"datePublished":"2023-10-27T14:15:07+00:00","dateModified":"2024-10-16T10:41:58+00:00","breadcrumb":{"@id":"http:\/\/verhuizenbelnico.com\/es\/terminos-y-condiciones-generales\/#breadcrumb"},"inLanguage":"es","potentialAction":[{"@type":"ReadAction","target":["http:\/\/verhuizenbelnico.com\/es\/terminos-y-condiciones-generales\/"]}]},{"@type":"BreadcrumbList","@id":"http:\/\/verhuizenbelnico.com\/es\/terminos-y-condiciones-generales\/#breadcrumb","itemListElement":[{"@type":"ListItem","position":1,"name":"Portada","item":"http:\/\/verhuizenbelnico.com\/es\/"},{"@type":"ListItem","position":2,"name":"T\u00e9rminos y condiciones generales"}]},{"@type":"WebSite","@id":"http:\/\/verhuizenbelnico.com\/es\/#website","url":"http:\/\/verhuizenbelnico.com\/es\/","name":"Verhuizen Bel Nico","description":"verhuizingen van en naar Spanje","potentialAction":[{"@type":"SearchAction","target":{"@type":"EntryPoint","urlTemplate":"http:\/\/verhuizenbelnico.com\/es\/?s={search_term_string}"},"query-input":{"@type":"PropertyValueSpecification","valueRequired":true,"valueName":"search_term_string"}}],"inLanguage":"es"}]}},"_links":{"self":[{"href":"http:\/\/verhuizenbelnico.com\/es\/wp-json\/wp\/v2\/pages\/768","targetHints":{"allow":["GET"]}}],"collection":[{"href":"http:\/\/verhuizenbelnico.com\/es\/wp-json\/wp\/v2\/pages"}],"about":[{"href":"http:\/\/verhuizenbelnico.com\/es\/wp-json\/wp\/v2\/types\/page"}],"author":[{"embeddable":true,"href":"http:\/\/verhuizenbelnico.com\/es\/wp-json\/wp\/v2\/users\/1"}],"replies":[{"embeddable":true,"href":"http:\/\/verhuizenbelnico.com\/es\/wp-json\/wp\/v2\/comments?post=768"}],"version-history":[{"count":2,"href":"http:\/\/verhuizenbelnico.com\/es\/wp-json\/wp\/v2\/pages\/768\/revisions"}],"predecessor-version":[{"id":770,"href":"http:\/\/verhuizenbelnico.com\/es\/wp-json\/wp\/v2\/pages\/768\/revisions\/770"}],"wp:attachment":[{"href":"http:\/\/verhuizenbelnico.com\/es\/wp-json\/wp\/v2\/media?parent=768"}],"curies":[{"name":"wp","href":"https:\/\/api.w.org\/{rel}","templated":true}]}}